{"id":88,"date":"2019-08-09T11:12:28","date_gmt":"2019-08-09T15:12:28","guid":{"rendered":"https:\/\/www.incart.gob.do\/transparencia\/?page_id=88"},"modified":"2022-03-15T11:52:13","modified_gmt":"2022-03-15T15:52:13","slug":"finanzas","status":"publish","type":"page","link":"https:\/\/www.incart.gob.do\/transparencia\/finanzas\/","title":{"rendered":"Finanzas"},"content":{"rendered":"\n<div class=\"wp-block-columns has-3-columns\">\n<div class=\"wp-block-column\">\n<div class=\"descripcion-servicios\">\n<a href=\"\/transparencia\/estados-financieros\"><span class=\"fonticon\">\n<i class=\"fas fa-clipboard\"><\/i>\n<\/span><\/a>\n<p>Estados Financieros<\/p><\/div>\n\n\n\n<div class=\"descripcion-servicios\">\n<a href=\"\/transparencia\/finanzas\/informes-de-auditoria\/\"><span class=\"fonticon\">\n<i class=\"fas fa-chart-bar\"><\/i>\n<\/span><\/a>\n<p>Informes de Auditor\u00eda<\/p><\/div>\n<\/div>\n\n\n\n<div class=\"wp-block-column\">\n<div class=\"descripcion-servicios\">\n<a href=\"\/transparencia\/informes-financieros\"><span class=\"fonticon\">\n<i class=\"fas fa-chart-area\"><\/i>\n<\/span><\/a>\n<p>Informes Financieros<\/p><\/div>\n\n\n\n<div class=\"descripcion-servicios\">\n<a href=\"\/transparencia\/finanzas\/activos-fijos\"><span class=\"fonticon\">\n<i class=\"fas fa-money-bill-alt\"><\/i>\n<\/span><\/a>\n<p>Relaci\u00f3n de Activos Fijos<\/p><\/div>\n<\/div>\n\n\n\n<div class=\"wp-block-column\">\n<div class=\"descripcion-servicios\">\n<a href=\"\/transparencia\/finanzas\/ingresos-y-egresos\"><span class=\"fonticon\">\n<i class=\"fas fa-chart-line\"><\/i>\n<\/span><\/a>\n<p>Ingresos y Egresos<\/p><\/div>\n\n\n\n<div class=\"descripcion-servicios\">\n<a href=\"\/transparencia\/finanzas\/inventario-en-almacen\"><span class=\"fonticon\">\n<i class=\"fas fa-calculator\"><\/i>\n<\/span><\/a>\n<p>Relaci\u00f3n de Inventario de Almac\u00e9n<\/p><\/div>\n<\/div>\n<\/div>\n\n\n\n<div class=\"wp-block-columns has-3-columns\">\n<div class=\"wp-block-column\"><\/div>\n\n\n\n<div class=\"wp-block-column\"><\/div>\n\n\n\n<div class=\"wp-block-column\"><\/div>\n<\/div>\n","protected":false},"excerpt":{"rendered":"<p>Estados Financieros Informes de Auditor\u00eda Informes Financieros Relaci\u00f3n de Activos Fijos Ingresos y Egresos Relaci\u00f3n de Inventario de Almac\u00e9n<\/p>\n","protected":false},"author":1,"featured_media":0,"parent":0,"menu_order":0,"comment_status":"closed","ping_status":"closed","template":"","meta":[],"_links":{"self":[{"href":"https:\/\/www.incart.gob.do\/transparencia\/wp-json\/wp\/v2\/pages\/88"}],"collection":[{"href":"https:\/\/www.incart.gob.do\/transparencia\/wp-json\/wp\/v2\/pages"}],"about":[{"href":"https:\/\/www.incart.gob.do\/transparencia\/wp-json\/wp\/v2\/types\/page"}],"author":[{"embeddable":true,"href":"https:\/\/www.incart.gob.do\/transparencia\/wp-json\/wp\/v2\/users\/1"}],"replies":[{"embeddable":true,"href":"https:\/\/www.incart.gob.do\/transparencia\/wp-json\/wp\/v2\/comments?post=88"}],"version-history":[{"count":2,"href":"https:\/\/www.incart.gob.do\/transparencia\/wp-json\/wp\/v2\/pages\/88\/revisions"}],"predecessor-version":[{"id":2285,"href":"https:\/\/www.incart.gob.do\/transparencia\/wp-json\/wp\/v2\/pages\/88\/revisions\/2285"}],"wp:attachment":[{"href":"https:\/\/www.incart.gob.do\/transparencia\/wp-json\/wp\/v2\/media?parent=88"}],"curies":[{"name":"wp","href":"https:\/\/api.w.org\/{rel}","templated":true}]}}