{"id":637,"date":"2019-08-09T08:59:08","date_gmt":"2019-08-09T12:59:08","guid":{"rendered":"https:\/\/www.incart.gob.do\/transparencia\/?page_id=7"},"modified":"2022-06-14T14:14:52","modified_gmt":"2022-06-14T18:14:52","slug":"inicio","status":"publish","type":"page","link":"https:\/\/www.incart.gob.do\/transparencia\/","title":{"rendered":"Inicio"},"content":{"rendered":"\n<figure class=\"wp-block-image size-full\"><img loading=\"lazy\" width=\"800\" height=\"276\" src=\"https:\/\/www.incart.gob.do\/transparencia\/wp-content\/uploads\/sites\/2\/2022\/06\/transparenciabg-hospitales.jpg\" alt=\"\" class=\"wp-image-2455\" srcset=\"https:\/\/www.incart.gob.do\/transparencia\/wp-content\/uploads\/sites\/2\/2022\/06\/transparenciabg-hospitales.jpg 800w, https:\/\/www.incart.gob.do\/transparencia\/wp-content\/uploads\/sites\/2\/2022\/06\/transparenciabg-hospitales-300x104.jpg 300w, https:\/\/www.incart.gob.do\/transparencia\/wp-content\/uploads\/sites\/2\/2022\/06\/transparenciabg-hospitales-768x265.jpg 768w\" sizes=\"(max-width: 800px) 100vw, 800px\" \/><\/figure>\n\n\n\n<p>Para dar Cumplimiento a la&nbsp;<a href=\"https:\/\/docs.google.com\/viewer?url=https:\/\/sns.gob.do\/transparencia\/descargas\/14\/leyes\/1567\/ley-200-04-general-de-libre-acceso-a-la-informacion-publica.pdf\" target=\"_blank\" rel=\"noreferrer noopener\"><strong>Ley 200-04<\/strong><\/a>&nbsp;de Libre Acceso a la Informaci\u00f3n P\u00fablica y al&nbsp;<a href=\"https:\/\/docs.google.com\/viewer?url=https:\/\/sns.gob.do\/transparencia\/descargas\/15\/decretos\/2199\/aa-decreto-130-05-que-aprueba-el-reglamento-de-aplicacion-de-la-ley-200-04.pdf\" target=\"_blank\" rel=\"noreferrer noopener\"><strong>Decreto No. 130-05<\/strong><\/a>&nbsp;que aprueba su Reglamento de Aplicaci\u00f3n, se pone a disposici\u00f3n de los ciudadanos los contenidos de transparencia considerados en esta.<\/p>\n\n\n\n<p>Nuestro objetivo es garantizar el libre acceso a la informaci\u00f3n p\u00fablica de forma completa, veraz y oportuna, a fin de satisfacer las necesidades de la ciudadan\u00eda.<\/p>\n\n\n\n<hr class=\"wp-block-separator is-style-wide\"\/>\n\n\n\n<div class=\"wp-block-columns has-3-columns\">\n<div class=\"wp-block-column\">\n<div class=\"wp-block-image\"><figure class=\"aligncenter is-resized\"><a href=\"https:\/\/www.saip.gob.do\/apps\/sip\/?step=one\" target=\"_blank\" rel=\"noreferrer noopener\"><img loading=\"lazy\" src=\"https:\/\/www.incart.gob.do\/transparencia\/wp-content\/uploads\/sites\/2\/2019\/08\/saip-logo-hd.png\" alt=\"\" class=\"wp-image-230\" width=\"78\" height=\"78\" srcset=\"https:\/\/www.incart.gob.do\/transparencia\/wp-content\/uploads\/sites\/2\/2019\/08\/saip-logo-hd.png 300w, https:\/\/www.incart.gob.do\/transparencia\/wp-content\/uploads\/sites\/2\/2019\/08\/saip-logo-hd-150x150.png 150w\" sizes=\"(max-width: 78px) 100vw, 78px\" \/><\/a><figcaption><strong>Solicitud de Informaci\u00f3n<\/strong><\/figcaption><\/figure><\/div>\n<\/div>\n\n\n\n<div class=\"wp-block-column\">\n<div class=\"wp-block-image\"><figure class=\"aligncenter is-resized\"><a href=\"http:\/\/www.transparenciafiscal.gob.do\/\" target=\"_blank\" rel=\"noreferrer noopener\"><img loading=\"lazy\" src=\"https:\/\/www.incart.gob.do\/transparencia\/wp-content\/uploads\/sites\/2\/2019\/08\/transparenciaFiscalLogo.png\" alt=\"\" class=\"wp-image-231\" width=\"138\" height=\"100\" srcset=\"https:\/\/www.incart.gob.do\/transparencia\/wp-content\/uploads\/sites\/2\/2019\/08\/transparenciaFiscalLogo.png 329w, https:\/\/www.incart.gob.do\/transparencia\/wp-content\/uploads\/sites\/2\/2019\/08\/transparenciaFiscalLogo-300x218.png 300w\" sizes=\"(max-width: 138px) 100vw, 138px\" \/><\/a><figcaption><strong>Transparencia Fiscal<\/strong><\/figcaption><\/figure><\/div>\n<\/div>\n\n\n\n<div class=\"wp-block-column\">\n<div class=\"wp-block-image\"><figure class=\"aligncenter is-resized\"><a href=\"http:\/\/www.contraloria.gob.do\/index.php\/servicios\/item\/234-servicio2\" target=\"_blank\" rel=\"noreferrer noopener\"><img loading=\"lazy\" src=\"https:\/\/www.incart.gob.do\/transparencia\/wp-content\/uploads\/sites\/2\/2019\/08\/contraloria-doc-logo.png\" alt=\"\" class=\"wp-image-232\" width=\"89\" height=\"93\"\/><\/a><figcaption><strong>Consulta de Libramientos<\/strong><\/figcaption><\/figure><\/div>\n<\/div>\n<\/div>\n\n\n\n<p><\/p>\n","protected":false},"excerpt":{"rendered":"<p>Para dar Cumplimiento a la&nbsp;Ley 200-04&nbsp;de Libre Acceso a la Informaci\u00f3n P\u00fablica y al&nbsp;Decreto No. 130-05&nbsp;que aprueba su Reglamento de Aplicaci\u00f3n, se pone a disposici\u00f3n de los ciudadanos los contenidos de transparencia considerados en esta. Nuestro objetivo es garantizar el libre acceso a la informaci\u00f3n p\u00fablica de forma completa, veraz y oportuna, a fin de [&hellip;]<\/p>\n","protected":false},"author":1,"featured_media":0,"parent":0,"menu_order":0,"comment_status":"closed","ping_status":"closed","template":"","meta":[],"_links":{"self":[{"href":"https:\/\/www.incart.gob.do\/transparencia\/wp-json\/wp\/v2\/pages\/637"}],"collection":[{"href":"https:\/\/www.incart.gob.do\/transparencia\/wp-json\/wp\/v2\/pages"}],"about":[{"href":"https:\/\/www.incart.gob.do\/transparencia\/wp-json\/wp\/v2\/types\/page"}],"author":[{"embeddable":true,"href":"https:\/\/www.incart.gob.do\/transparencia\/wp-json\/wp\/v2\/users\/1"}],"replies":[{"embeddable":true,"href":"https:\/\/www.incart.gob.do\/transparencia\/wp-json\/wp\/v2\/comments?post=637"}],"version-history":[{"count":2,"href":"https:\/\/www.incart.gob.do\/transparencia\/wp-json\/wp\/v2\/pages\/637\/revisions"}],"predecessor-version":[{"id":2456,"href":"https:\/\/www.incart.gob.do\/transparencia\/wp-json\/wp\/v2\/pages\/637\/revisions\/2456"}],"wp:attachment":[{"href":"https:\/\/www.incart.gob.do\/transparencia\/wp-json\/wp\/v2\/media?parent=637"}],"curies":[{"name":"wp","href":"https:\/\/api.w.org\/{rel}","templated":true}]}}