{"id":47,"date":"2019-08-09T10:17:06","date_gmt":"2019-08-09T14:17:06","guid":{"rendered":"https:\/\/www.incart.gob.do\/transparencia\/?page_id=47"},"modified":"2026-03-27T18:17:47","modified_gmt":"2026-03-27T22:17:47","slug":"declaracion-jurada-de-patrimonio","status":"publish","type":"page","link":"https:\/\/www.incart.gob.do\/transparencia\/declaracion-jurada-de-patrimonio\/","title":{"rendered":"Declaraci\u00f3n Jurada de Patrimonio"},"content":{"rendered":"\n<div class=\"texto-leyenda\">\n<p>\nLos datos personales han sido protegidos de conformidad con el art. 18 de la&nbsp;<a href=\"https:\/\/docs.google.com\/viewer?url=https:\/\/sns.gob.do\/transparencia\/descargas\/14\/leyes\/1567\/ley-200-04-general-de-libre-acceso-a-la-informacion-publica.pdf\" target=\"_blank\" rel=\"noreferrer noopener\"><strong>Ley 200-04<\/strong><\/a>&nbsp;de Libre Acceso a la Informaci\u00f3n P\u00fablica, de fecha 28 de julio de 2004 y el art. 28 de su reglamento de aplicaci\u00f3n aprobado mediante el&nbsp;<a href=\"https:\/\/docs.google.com\/viewer?url=https:\/\/sns.gob.do\/transparencia\/descargas\/15\/decretos\/2199\/aa-decreto-130-05-que-aprueba-el-reglamento-de-aplicacion-de-la-ley-200-04.pdf\" target=\"_blank\" rel=\"noreferrer noopener\"><strong>Decreto No. 130-05<\/strong><\/a>&nbsp; de fecha 25 de febrero de 2005.\n<\/p>\n<\/div>\n\n\n\n<p><\/p>\n\n\n\n<p><\/p>\n\n\n\n<div class=\"wp-block-columns\">\n<div class=\"wp-block-column\" style=\"flex-basis:100%\">\n<div class=\"wp-container-1 wp-block-group\"><div class=\"wp-block-group__inner-container\">\n<figure class=\"wp-block-table aligncenter is-style-stripes\"><table><thead><tr><th><strong> Nombre de Funcionario  <\/strong><\/th><th class=\"has-text-align-center\" data-align=\"center\">     <strong>Decreto o Designaci\u00f3n<\/strong>     <\/th><th class=\"has-text-align-center\" data-align=\"center\">  <strong>Declaraci\u00f3n Jurada de Patrimonio<\/strong>  <\/th><\/tr><\/thead><tbody><tr><td>Dra. Bianny Rosario Rodr\u00ecguez Valdez, Directora General<\/td><td class=\"has-text-align-center\" data-align=\"center\"><a href=\"https:\/\/www.incart.gob.do\/transparencia\/wp-content\/uploads\/sites\/2\/2026\/03\/DESIGNACION-DRA.-BIANNY-RODRIGUEZ_20260323_104752.pdf\">Designaci\u00f3n<\/a> <\/td><td class=\"has-text-align-center\" data-align=\"center\"><a href=\"https:\/\/www.incart.gob.do\/transparencia\/descargas\/9\/declaracion-jurada-de-patrimonio\/5815\/declaracion-jurada-de-patrimonio-de-la-dra-bianny-rosario-rodriguez-valdez.pdf\"><img loading=\"lazy\" width=\"50\" height=\"70\" class=\"wp-image-2051\" style=\"width: 35px;\" src=\"https:\/\/www.incart.gob.do\/transparencia\/wp-content\/uploads\/sites\/2\/2022\/02\/pdf.png\" alt=\"\"><\/a><\/td><\/tr><tr><td>Deysi Mar\u00eda Sir\u00ed Ulloa, Encargada del Departamento Administrativo<\/td><td class=\"has-text-align-center\" data-align=\"center\">N\/A<\/td><td class=\"has-text-align-center\" data-align=\"center\"><a href=\"https:\/\/www.incart.gob.do\/transparencia\/descargas\/9\/declaracion-jurada-de-patrimonio\/5816\/declaracion-jurada-de-patrimonio-de-deysi-maria-siri-ulloa-encargada-administrativa.pdf\"><img loading=\"lazy\" width=\"50\" height=\"70\" class=\"wp-image-2051\" style=\"width: 35px;\" src=\"https:\/\/www.incart.gob.do\/transparencia\/wp-content\/uploads\/sites\/2\/2022\/02\/pdf.png\" alt=\"\"><\/a><\/td><\/tr><tr><td>Ana Teresa Vendrell Batista, Encargada del Departamento Financiero<\/td><td class=\"has-text-align-center\" data-align=\"center\">N\/A<\/td><td class=\"has-text-align-center\" data-align=\"center\"><a href=\"https:\/\/www.incart.gob.do\/transparencia\/descargas\/9\/declaracion-jurada-de-patrimonio\/5813\/declaracion-jurada-de-patrimonio-de-ana-teresa-vendrell-batista-encargada-financiera.pdf\"><img loading=\"lazy\" width=\"50\" height=\"70\" class=\"wp-image-2051\" style=\"width: 35px;\" src=\"https:\/\/www.incart.gob.do\/transparencia\/wp-content\/uploads\/sites\/2\/2022\/02\/pdf.png\" alt=\"\"><\/a><\/td><\/tr><tr><td>Dolores Altagracia Perdomo Alvarez, Encargada Compras y Contrataciones<\/td><td class=\"has-text-align-center\" data-align=\"center\">N\/A<\/td><td class=\"has-text-align-center\" data-align=\"center\"><a href=\"https:\/\/www.incart.gob.do\/transparencia\/descargas\/9\/declaracion-jurada-de-patrimonio\/5814\/declaracion-jurada-de-patrimonio-de-dolores-altagracia-perdomo-alvarez-encargada-de-compras-y-contrataciones.pdf\"><img loading=\"lazy\" width=\"50\" height=\"70\" class=\"wp-image-2051\" style=\"width: 35px;\" src=\"https:\/\/www.incart.gob.do\/transparencia\/wp-content\/uploads\/sites\/2\/2022\/02\/pdf.png\" alt=\"\"><\/a><\/td><\/tr><\/tbody><\/table><\/figure>\n<\/div><\/div>\n<\/div>\n<\/div>\n\n\n\n<div class=\"wp-block-image\"><figure class=\"aligncenter size-full\"><a href=\"https:\/\/consultadjp.camaradecuentas.gob.do\/\" target=\"_blank\" rel=\"noopener\"><img loading=\"lazy\" width=\"314\" height=\"156\" src=\"https:\/\/www.incart.gob.do\/transparencia\/wp-content\/uploads\/sites\/2\/2021\/12\/banner_declajura_online.jpg\" alt=\"\" class=\"wp-image-1679\" srcset=\"https:\/\/www.incart.gob.do\/transparencia\/wp-content\/uploads\/sites\/2\/2021\/12\/banner_declajura_online.jpg 314w, https:\/\/www.incart.gob.do\/transparencia\/wp-content\/uploads\/sites\/2\/2021\/12\/banner_declajura_online-300x149.jpg 300w\" sizes=\"(max-width: 314px) 100vw, 314px\" \/><\/a><\/figure><\/div>\n\n\n\n<hr>\n<div class=\"visor-docs\">\n<h4>\u00bfNo puede visualizar los documentos?<\/h4>\n<h6>Es posible que necesite descargar e instalar el siguientes programa:<\/h6>\n<p><i class=\"fa fa-file-pdf-o\"><\/i>&nbsp; Archivos PDF, <a href=\"https:\/\/get.adobe.com\/es\/reader\/\" target=\"_blank\" rel=\"noopener noreferrer\">descargue visor aqu\u00ed &nbsp;<i class=\"fa fa-download\"><\/i><\/a><\/p>\n<\/div>\n","protected":false},"excerpt":{"rendered":"<p>Los datos personales han sido protegidos de conformidad con el art. 18 de la&nbsp;Ley 200-04&nbsp;de Libre Acceso a la Informaci\u00f3n P\u00fablica, de fecha 28 de julio de 2004 y el art. 28 de su reglamento de aplicaci\u00f3n aprobado mediante el&nbsp;Decreto No. 130-05&nbsp; de fecha 25 de febrero de 2005. Nombre de Funcionario Decreto o Designaci\u00f3n [&hellip;]<\/p>\n","protected":false},"author":1,"featured_media":0,"parent":0,"menu_order":0,"comment_status":"closed","ping_status":"closed","template":"","meta":[],"_links":{"self":[{"href":"https:\/\/www.incart.gob.do\/transparencia\/wp-json\/wp\/v2\/pages\/47"}],"collection":[{"href":"https:\/\/www.incart.gob.do\/transparencia\/wp-json\/wp\/v2\/pages"}],"about":[{"href":"https:\/\/www.incart.gob.do\/transparencia\/wp-json\/wp\/v2\/types\/page"}],"author":[{"embeddable":true,"href":"https:\/\/www.incart.gob.do\/transparencia\/wp-json\/wp\/v2\/users\/1"}],"replies":[{"embeddable":true,"href":"https:\/\/www.incart.gob.do\/transparencia\/wp-json\/wp\/v2\/comments?post=47"}],"version-history":[{"count":11,"href":"https:\/\/www.incart.gob.do\/transparencia\/wp-json\/wp\/v2\/pages\/47\/revisions"}],"predecessor-version":[{"id":5852,"href":"https:\/\/www.incart.gob.do\/transparencia\/wp-json\/wp\/v2\/pages\/47\/revisions\/5852"}],"wp:attachment":[{"href":"https:\/\/www.incart.gob.do\/transparencia\/wp-json\/wp\/v2\/media?parent=47"}],"curies":[{"name":"wp","href":"https:\/\/api.w.org\/{rel}","templated":true}]}}